{"id":804,"date":"2012-12-05T23:04:08","date_gmt":"2012-12-05T21:04:08","guid":{"rendered":"http:\/\/crimimaro.ch\/?page_id=804"},"modified":"2012-12-05T23:04:08","modified_gmt":"2012-12-05T21:04:08","slug":"koln-2012","status":"publish","type":"page","link":"https:\/\/crimimaro.ch\/wordpress\/?page_id=804","title":{"rendered":"K\u00f6ln 2012"},"content":{"rendered":"<p>Ein paar Eindr\u00fccke von unserem St\u00e4dtetrip nach K\u00f6ln an den Weihnachtsmarkt.<\/p>\n<p>[shashin type=&#8221;album&#8221; id=&#8221;1081&#8243; size=&#8221;small&#8221; crop=&#8221;n&#8221; columns=&#8221;max&#8221; caption=&#8221;y&#8221; order=&#8221;date&#8221; position=&#8221;center&#8221;]<\/p>\n","protected":false},"excerpt":{"rendered":"<p>Ein paar Eindr\u00fccke von unserem St\u00e4dtetrip nach K\u00f6ln an den Weihnachtsmarkt. [shashin type=&#8221;album&#8221; id=&#8221;1081&#8243; size=&#8221;small&#8221; crop=&#8221;n&#8221; columns=&#8221;max&#8221; caption=&#8221;y&#8221; order=&#8221;date&#8221; position=&#8221;center&#8221;]<\/p>\n","protected":false},"author":1,"featured_media":0,"parent":21,"menu_order":0,"comment_status":"open","ping_status":"closed","template":"","meta":{"_monsterinsights_skip_tracking":false,"_monsterinsights_sitenote_active":false,"_monsterinsights_sitenote_note":"","_monsterinsights_sitenote_category":0,"footnotes":""},"class_list":["post-804","page","type-page","status-publish","hentry"],"jetpack_sharing_enabled":true,"_links":{"self":[{"href":"https:\/\/crimimaro.ch\/wordpress\/index.php?rest_route=\/wp\/v2\/pages\/804","targetHints":{"allow":["GET"]}}],"collection":[{"href":"https:\/\/crimimaro.ch\/wordpress\/index.php?rest_route=\/wp\/v2\/pages"}],"about":[{"href":"https:\/\/crimimaro.ch\/wordpress\/index.php?rest_route=\/wp\/v2\/types\/page"}],"author":[{"embeddable":true,"href":"https:\/\/crimimaro.ch\/wordpress\/index.php?rest_route=\/wp\/v2\/users\/1"}],"replies":[{"embeddable":true,"href":"https:\/\/crimimaro.ch\/wordpress\/index.php?rest_route=%2Fwp%2Fv2%2Fcomments&post=804"}],"version-history":[{"count":3,"href":"https:\/\/crimimaro.ch\/wordpress\/index.php?rest_route=\/wp\/v2\/pages\/804\/revisions"}],"predecessor-version":[{"id":807,"href":"https:\/\/crimimaro.ch\/wordpress\/index.php?rest_route=\/wp\/v2\/pages\/804\/revisions\/807"}],"up":[{"embeddable":true,"href":"https:\/\/crimimaro.ch\/wordpress\/index.php?rest_route=\/wp\/v2\/pages\/21"}],"wp:attachment":[{"href":"https:\/\/crimimaro.ch\/wordpress\/index.php?rest_route=%2Fwp%2Fv2%2Fmedia&parent=804"}],"curies":[{"name":"wp","href":"https:\/\/api.w.org\/{rel}","templated":true}]}}