{"id":1536,"date":"2017-04-15T17:08:29","date_gmt":"2017-04-15T15:08:29","guid":{"rendered":"http:\/\/crimimaro.ch\/wordpress\/?page_id=1536"},"modified":"2017-04-15T17:31:49","modified_gmt":"2017-04-15T15:31:49","slug":"hochbeet","status":"publish","type":"page","link":"https:\/\/crimimaro.ch\/wordpress\/?page_id=1536","title":{"rendered":"Hochbeet"},"content":{"rendered":"<p>Zum ersten mal versuchen wir diese Saison mit unseren zwei gr\u00fcnen Daumen unser Gl\u00fcck mit einem Hochbeet.<br \/>\nDie ersten angepflanzten Gem\u00fcse\/Kr\u00e4uter per Heute, 15.04.17, sind:<\/p>\n<p>Bullhorn Chili<br \/>\nBuschtomaten<br \/>\nMexikanische Minigurke<br \/>\nSchnittlauch<br \/>\nRosmarin<br \/>\nPeterli<br \/>\nBasilikum<\/p>\n<p>Ihr werdet hier regelm\u00e4ssig Updates \u00fcber das Wachstumsstadium der Pflanzen finden \ud83d\ude42<\/p>\n<p>&#8211; <a href=\"https:\/\/crimimaro.ch\/wordpress\/?page_id=1538\">15.04.17 &#8211; Bepflanzung &#8211;<\/a><\/p>\n<p>&nbsp;<\/p>\n","protected":false},"excerpt":{"rendered":"<p>Zum ersten mal versuchen wir diese Saison mit unseren zwei gr\u00fcnen Daumen unser Gl\u00fcck mit einem Hochbeet. Die ersten angepflanzten Gem\u00fcse\/Kr\u00e4uter per Heute, 15.04.17, sind: Bullhorn Chili Buschtomaten Mexikanische Minigurke Schnittlauch Rosmarin Peterli Basilikum Ihr&#8230;<\/p>\n","protected":false},"author":1,"featured_media":0,"parent":1532,"menu_order":1,"comment_status":"closed","ping_status":"closed","template":"","meta":{"_monsterinsights_skip_tracking":false,"_monsterinsights_sitenote_active":false,"_monsterinsights_sitenote_note":"","_monsterinsights_sitenote_category":0,"footnotes":""},"class_list":["post-1536","page","type-page","status-publish","hentry"],"jetpack_sharing_enabled":true,"_links":{"self":[{"href":"https:\/\/crimimaro.ch\/wordpress\/index.php?rest_route=\/wp\/v2\/pages\/1536","targetHints":{"allow":["GET"]}}],"collection":[{"href":"https:\/\/crimimaro.ch\/wordpress\/index.php?rest_route=\/wp\/v2\/pages"}],"about":[{"href":"https:\/\/crimimaro.ch\/wordpress\/index.php?rest_route=\/wp\/v2\/types\/page"}],"author":[{"embeddable":true,"href":"https:\/\/crimimaro.ch\/wordpress\/index.php?rest_route=\/wp\/v2\/users\/1"}],"replies":[{"embeddable":true,"href":"https:\/\/crimimaro.ch\/wordpress\/index.php?rest_route=%2Fwp%2Fv2%2Fcomments&post=1536"}],"version-history":[{"count":3,"href":"https:\/\/crimimaro.ch\/wordpress\/index.php?rest_route=\/wp\/v2\/pages\/1536\/revisions"}],"predecessor-version":[{"id":1552,"href":"https:\/\/crimimaro.ch\/wordpress\/index.php?rest_route=\/wp\/v2\/pages\/1536\/revisions\/1552"}],"up":[{"embeddable":true,"href":"https:\/\/crimimaro.ch\/wordpress\/index.php?rest_route=\/wp\/v2\/pages\/1532"}],"wp:attachment":[{"href":"https:\/\/crimimaro.ch\/wordpress\/index.php?rest_route=%2Fwp%2Fv2%2Fmedia&parent=1536"}],"curies":[{"name":"wp","href":"https:\/\/api.w.org\/{rel}","templated":true}]}}