{"id":10,"date":"2012-05-06T14:54:22","date_gmt":"2012-05-06T12:54:22","guid":{"rendered":"http:\/\/crimimaro.ch\/?page_id=10"},"modified":"2012-08-18T13:31:31","modified_gmt":"2012-08-18T11:31:31","slug":"cordoba-2012","status":"publish","type":"page","link":"https:\/\/crimimaro.ch\/wordpress\/?page_id=10","title":{"rendered":"C\u00f3rdoba 2012"},"content":{"rendered":"<p>C\u00f3rdoba ist die dritt gr\u00f6sste Stadt von Andalusien und f\u00fcr mich au die sch\u00f6nste, da sie meine Heimatstadt ist. Das spezielle an C\u00f3rdoba ist nicht nur, dass sehr warme Klima sondern auch die einzigartige Vermischungen zweier historischer Kulturen (Arabische und Spanische). Wir waren im April zu Besuch bei meinem Grosseltern und konnten einen Tag auch die Cruzes (Kreuzfeste) besuchen.<\/p>\n<p>&nbsp;<\/p>\n<p>[shashin type=&#8221;album&#8221; id=&#8221;2&#8243; size=&#8221;small&#8221; crop=&#8221;n&#8221; columns=&#8221;max&#8221; caption=&#8221;y&#8221; order=&#8221;date&#8221; position=&#8221;center&#8221;]<\/p>\n","protected":false},"excerpt":{"rendered":"<p>C\u00f3rdoba ist die dritt gr\u00f6sste Stadt von Andalusien und f\u00fcr mich au die sch\u00f6nste, da sie meine Heimatstadt ist. Das spezielle an C\u00f3rdoba ist nicht nur, dass sehr warme Klima sondern auch die einzigartige Vermischungen&#8230;<\/p>\n","protected":false},"author":1,"featured_media":0,"parent":21,"menu_order":0,"comment_status":"open","ping_status":"closed","template":"","meta":{"_monsterinsights_skip_tracking":false,"_monsterinsights_sitenote_active":false,"_monsterinsights_sitenote_note":"","_monsterinsights_sitenote_category":0,"footnotes":""},"class_list":["post-10","page","type-page","status-publish","hentry"],"jetpack_sharing_enabled":true,"_links":{"self":[{"href":"https:\/\/crimimaro.ch\/wordpress\/index.php?rest_route=\/wp\/v2\/pages\/10","targetHints":{"allow":["GET"]}}],"collection":[{"href":"https:\/\/crimimaro.ch\/wordpress\/index.php?rest_route=\/wp\/v2\/pages"}],"about":[{"href":"https:\/\/crimimaro.ch\/wordpress\/index.php?rest_route=\/wp\/v2\/types\/page"}],"author":[{"embeddable":true,"href":"https:\/\/crimimaro.ch\/wordpress\/index.php?rest_route=\/wp\/v2\/users\/1"}],"replies":[{"embeddable":true,"href":"https:\/\/crimimaro.ch\/wordpress\/index.php?rest_route=%2Fwp%2Fv2%2Fcomments&post=10"}],"version-history":[{"count":7,"href":"https:\/\/crimimaro.ch\/wordpress\/index.php?rest_route=\/wp\/v2\/pages\/10\/revisions"}],"predecessor-version":[{"id":13,"href":"https:\/\/crimimaro.ch\/wordpress\/index.php?rest_route=\/wp\/v2\/pages\/10\/revisions\/13"}],"up":[{"embeddable":true,"href":"https:\/\/crimimaro.ch\/wordpress\/index.php?rest_route=\/wp\/v2\/pages\/21"}],"wp:attachment":[{"href":"https:\/\/crimimaro.ch\/wordpress\/index.php?rest_route=%2Fwp%2Fv2%2Fmedia&parent=10"}],"curies":[{"name":"wp","href":"https:\/\/api.w.org\/{rel}","templated":true}]}}